{"id":36,"date":"2025-10-23T14:15:29","date_gmt":"2025-10-23T14:15:29","guid":{"rendered":"https:\/\/gabyontheroad.ch\/?page_id=36"},"modified":"2025-10-27T17:21:28","modified_gmt":"2025-10-27T17:21:28","slug":"das-sind-wir","status":"publish","type":"page","link":"https:\/\/gabyontheroad.ch\/index.php\/das-sind-wir\/","title":{"rendered":"Das sind wir&#8230;"},"content":{"rendered":"\n<p>Manfred<\/p>\n\n\n\n<p>Meine Mutter selig tr\u00e4umte w\u00e4hrend ihres Lebens vom Reisen in ferne L\u00e4nder. Als Kind faszinierten mich ihre Tr\u00e4ume von grenzenlosen Reisen in ferne L\u00e4nder und das Eintauchen in fremde Kulturen.<\/p>\n\n\n\n<p>Erste selbstst\u00e4ndige Erkundigungen erfolgten mit dem Fahrrad. Sp\u00e4ter mit dem Moped und logischerweise folgte dann ein Motorrad. Mit dem Motorrad erweiterte sich der Aktionsradius erheblich. Da ich in der Ausbildung steckte, hielten sich diese Ausfl\u00fcge jedoch in Grenzen.&nbsp;<\/p>\n\n\n\n<p>In jungen Jahren bewarb ich mich bei einem grossen, schweizerischen Maschinenbauunternehmen f\u00fcr eine Stelle im Aussendienst. Zu dieser Zeit (Anfangs 70er Jahre) eine der wenigen M\u00f6glichkeiten ins Ausland zu reisen.<\/p>\n\n\n\n<p>Meine damalige Freundin (heute Ehefrau) reiste oft mit mir mit und hatte Gelegenheit fremde L\u00e4nder kennen zu lernen, w\u00e4hrend ich meinen Job erledigte.<\/p>\n\n\n\n<p>Als Familie mit einem Baby wanderten wir nach S\u00fcdafrika aus. Mit unserem ersten Wohnwagen bereisten wir S\u00fcdafrika und Namibia.<\/p>\n\n\n\n<p>Nach einigen Jahren S\u00fcdafrika kehrten wir mit schulpflichtigen Kindern in die Schweiz zur\u00fcck. Mit drei Kindern konnten wir in Europa nur noch kleinere Reisen unternehmen. Einmal pro Jahr w\u00e4hrend den Schulferien durften die Kinder von den Grosseltern beaufsichtig werden. Meine Frau und ich fr\u00f6nten dann unserer Reiseleidenschaft und fuhren alternierend mit dem Motorrad oder Fahrrad campierend durch Europa.<\/p>\n\n\n\n<p>Mit 60 Jahren wanderten wir nach USA aus, mit der Idee, m\u00f6glichst viel von diesem Land kennenzulernen. Mit unserm Wohnwagen bereisten wir USA von S\u00fcd nach Nord, Ost nach West.<\/p>\n\n\n\n<p>Wieder zur\u00fcck in der Schweiz kauften wir uns einen Camper. Anf\u00e4nglich lernten wir neue Orte in Europa kennen. Unsere Reisen konnten v\u00f6llig neu geplant werden, mussten wir uns doch an keine zeitlichen Einschr\u00e4nkungen halten.<\/p>\n\n\n\n<p>Gaby<\/p>\n\n\n\n<p>Ich bin als richtiges Landei aufgewachsen. Mein Horizont war nicht sehr weit, das n\u00e4chste Dorf. Meine Mutter, aus Bayern, h\u00f6rte den ganzen Tag deutsche Schlager und Volksmusik. Als ich Manfred wieder traf, wir hatten zusammen die Schule besucht, prasselte eine ganz andere Welt auf mich ein. Er h\u00f6rte Beatles, Rolling Stones, Pink Floyd, Supertramp usw. Ein ganz neue Welt tat sich f\u00fcr mich auf. Er fuhr ein Motorrad, ich besass nicht einmal ein Fahrrad. Ich durfte hinten auf sein Motorrad sitzen, das war f\u00fcr mich wow!! Wir planten zusammen Ferien. Mit einem alten Dyane fuhren wir nach Kroatien, damals noch Jugoslawien an einen FKK-Strand. Das Landei zeigte Mut. Mit Manfred begann ich die Welt zu entdecken und mein Horizont erweiterte sich. Durch die vielen Reisen bekam ich neue Hobbys. Reiseberichte schreiben und fotografieren liegen mir am Herzen.<\/p>\n\n\n\n<p><\/p>\n","protected":false},"excerpt":{"rendered":"<p>Death Vally<\/p>\n","protected":false},"author":1,"featured_media":31,"parent":0,"menu_order":0,"comment_status":"closed","ping_status":"closed","template":"","meta":{"footnotes":""},"class_list":["post-36","page","type-page","status-publish","has-post-thumbnail","hentry"],"yoast_head":"<!-- This site is optimized with the Yoast SEO plugin v27.4 - https:\/\/yoast.com\/product\/yoast-seo-wordpress\/ -->\n<title>Das sind wir... - Gaby on the Road<\/title>\n<meta name=\"robots\" content=\"index, follow, max-snippet:-1, max-image-preview:large, max-video-preview:-1\" \/>\n<link rel=\"canonical\" href=\"https:\/\/gabyontheroad.ch\/index.php\/das-sind-wir\/\" \/>\n<meta property=\"og:locale\" content=\"de_DE\" \/>\n<meta property=\"og:type\" content=\"article\" \/>\n<meta property=\"og:title\" content=\"Das sind wir... - Gaby on the Road\" \/>\n<meta property=\"og:description\" content=\"Death Vally\" \/>\n<meta property=\"og:url\" content=\"https:\/\/gabyontheroad.ch\/index.php\/das-sind-wir\/\" \/>\n<meta property=\"og:site_name\" content=\"Gaby on the Road\" \/>\n<meta property=\"article:modified_time\" content=\"2025-10-27T17:21:28+00:00\" \/>\n<meta property=\"og:image\" content=\"https:\/\/gabyontheroad.ch\/wp-content\/uploads\/2025\/10\/IMG_4973-scaled.jpg\" \/>\n\t<meta property=\"og:image:width\" content=\"2560\" \/>\n\t<meta property=\"og:image:height\" content=\"1707\" \/>\n\t<meta property=\"og:image:type\" content=\"image\/jpeg\" \/>\n<meta name=\"twitter:card\" content=\"summary_large_image\" \/>\n<meta name=\"twitter:label1\" content=\"Gesch\u00e4tzte Lesezeit\" \/>\n\t<meta name=\"twitter:data1\" content=\"3\u00a0Minuten\" \/>\n<script type=\"application\/ld+json\" class=\"yoast-schema-graph\">{\"@context\":\"https:\\\/\\\/schema.org\",\"@graph\":[{\"@type\":\"WebPage\",\"@id\":\"https:\\\/\\\/gabyontheroad.ch\\\/index.php\\\/das-sind-wir\\\/\",\"url\":\"https:\\\/\\\/gabyontheroad.ch\\\/index.php\\\/das-sind-wir\\\/\",\"name\":\"Das sind wir... - Gaby on the Road\",\"isPartOf\":{\"@id\":\"https:\\\/\\\/gabyontheroad.ch\\\/#website\"},\"primaryImageOfPage\":{\"@id\":\"https:\\\/\\\/gabyontheroad.ch\\\/index.php\\\/das-sind-wir\\\/#primaryimage\"},\"image\":{\"@id\":\"https:\\\/\\\/gabyontheroad.ch\\\/index.php\\\/das-sind-wir\\\/#primaryimage\"},\"thumbnailUrl\":\"https:\\\/\\\/gabyontheroad.ch\\\/wp-content\\\/uploads\\\/2025\\\/10\\\/IMG_4973-scaled.jpg\",\"datePublished\":\"2025-10-23T14:15:29+00:00\",\"dateModified\":\"2025-10-27T17:21:28+00:00\",\"breadcrumb\":{\"@id\":\"https:\\\/\\\/gabyontheroad.ch\\\/index.php\\\/das-sind-wir\\\/#breadcrumb\"},\"inLanguage\":\"de\",\"potentialAction\":[{\"@type\":\"ReadAction\",\"target\":[\"https:\\\/\\\/gabyontheroad.ch\\\/index.php\\\/das-sind-wir\\\/\"]}]},{\"@type\":\"ImageObject\",\"inLanguage\":\"de\",\"@id\":\"https:\\\/\\\/gabyontheroad.ch\\\/index.php\\\/das-sind-wir\\\/#primaryimage\",\"url\":\"https:\\\/\\\/gabyontheroad.ch\\\/wp-content\\\/uploads\\\/2025\\\/10\\\/IMG_4973-scaled.jpg\",\"contentUrl\":\"https:\\\/\\\/gabyontheroad.ch\\\/wp-content\\\/uploads\\\/2025\\\/10\\\/IMG_4973-scaled.jpg\",\"width\":2560,\"height\":1707},{\"@type\":\"BreadcrumbList\",\"@id\":\"https:\\\/\\\/gabyontheroad.ch\\\/index.php\\\/das-sind-wir\\\/#breadcrumb\",\"itemListElement\":[{\"@type\":\"ListItem\",\"position\":1,\"name\":\"Startseite\",\"item\":\"https:\\\/\\\/gabyontheroad.ch\\\/\"},{\"@type\":\"ListItem\",\"position\":2,\"name\":\"Das sind wir&#8230;\"}]},{\"@type\":\"WebSite\",\"@id\":\"https:\\\/\\\/gabyontheroad.ch\\\/#website\",\"url\":\"https:\\\/\\\/gabyontheroad.ch\\\/\",\"name\":\"Gaby on the Road\",\"description\":\"\",\"publisher\":{\"@id\":\"https:\\\/\\\/gabyontheroad.ch\\\/#organization\"},\"potentialAction\":[{\"@type\":\"SearchAction\",\"target\":{\"@type\":\"EntryPoint\",\"urlTemplate\":\"https:\\\/\\\/gabyontheroad.ch\\\/?s={search_term_string}\"},\"query-input\":{\"@type\":\"PropertyValueSpecification\",\"valueRequired\":true,\"valueName\":\"search_term_string\"}}],\"inLanguage\":\"de\"},{\"@type\":\"Organization\",\"@id\":\"https:\\\/\\\/gabyontheroad.ch\\\/#organization\",\"name\":\"Gaby on the Road\",\"url\":\"https:\\\/\\\/gabyontheroad.ch\\\/\",\"logo\":{\"@type\":\"ImageObject\",\"inLanguage\":\"de\",\"@id\":\"https:\\\/\\\/gabyontheroad.ch\\\/#\\\/schema\\\/logo\\\/image\\\/\",\"url\":\"https:\\\/\\\/gabyontheroad.ch\\\/wp-content\\\/uploads\\\/2025\\\/10\\\/cropped-LOGO-Gabyontheroad.jpg\",\"contentUrl\":\"https:\\\/\\\/gabyontheroad.ch\\\/wp-content\\\/uploads\\\/2025\\\/10\\\/cropped-LOGO-Gabyontheroad.jpg\",\"width\":959,\"height\":953,\"caption\":\"Gaby on the Road\"},\"image\":{\"@id\":\"https:\\\/\\\/gabyontheroad.ch\\\/#\\\/schema\\\/logo\\\/image\\\/\"}}]}<\/script>\n<!-- \/ Yoast SEO plugin. -->","yoast_head_json":{"title":"Das sind wir... - Gaby on the Road","robots":{"index":"index","follow":"follow","max-snippet":"max-snippet:-1","max-image-preview":"max-image-preview:large","max-video-preview":"max-video-preview:-1"},"canonical":"https:\/\/gabyontheroad.ch\/index.php\/das-sind-wir\/","og_locale":"de_DE","og_type":"article","og_title":"Das sind wir... - Gaby on the Road","og_description":"Death Vally","og_url":"https:\/\/gabyontheroad.ch\/index.php\/das-sind-wir\/","og_site_name":"Gaby on the Road","article_modified_time":"2025-10-27T17:21:28+00:00","og_image":[{"width":2560,"height":1707,"url":"https:\/\/gabyontheroad.ch\/wp-content\/uploads\/2025\/10\/IMG_4973-scaled.jpg","type":"image\/jpeg"}],"twitter_card":"summary_large_image","twitter_misc":{"Gesch\u00e4tzte Lesezeit":"3\u00a0Minuten"},"schema":{"@context":"https:\/\/schema.org","@graph":[{"@type":"WebPage","@id":"https:\/\/gabyontheroad.ch\/index.php\/das-sind-wir\/","url":"https:\/\/gabyontheroad.ch\/index.php\/das-sind-wir\/","name":"Das sind wir... - Gaby on the Road","isPartOf":{"@id":"https:\/\/gabyontheroad.ch\/#website"},"primaryImageOfPage":{"@id":"https:\/\/gabyontheroad.ch\/index.php\/das-sind-wir\/#primaryimage"},"image":{"@id":"https:\/\/gabyontheroad.ch\/index.php\/das-sind-wir\/#primaryimage"},"thumbnailUrl":"https:\/\/gabyontheroad.ch\/wp-content\/uploads\/2025\/10\/IMG_4973-scaled.jpg","datePublished":"2025-10-23T14:15:29+00:00","dateModified":"2025-10-27T17:21:28+00:00","breadcrumb":{"@id":"https:\/\/gabyontheroad.ch\/index.php\/das-sind-wir\/#breadcrumb"},"inLanguage":"de","potentialAction":[{"@type":"ReadAction","target":["https:\/\/gabyontheroad.ch\/index.php\/das-sind-wir\/"]}]},{"@type":"ImageObject","inLanguage":"de","@id":"https:\/\/gabyontheroad.ch\/index.php\/das-sind-wir\/#primaryimage","url":"https:\/\/gabyontheroad.ch\/wp-content\/uploads\/2025\/10\/IMG_4973-scaled.jpg","contentUrl":"https:\/\/gabyontheroad.ch\/wp-content\/uploads\/2025\/10\/IMG_4973-scaled.jpg","width":2560,"height":1707},{"@type":"BreadcrumbList","@id":"https:\/\/gabyontheroad.ch\/index.php\/das-sind-wir\/#breadcrumb","itemListElement":[{"@type":"ListItem","position":1,"name":"Startseite","item":"https:\/\/gabyontheroad.ch\/"},{"@type":"ListItem","position":2,"name":"Das sind wir&#8230;"}]},{"@type":"WebSite","@id":"https:\/\/gabyontheroad.ch\/#website","url":"https:\/\/gabyontheroad.ch\/","name":"Gaby on the Road","description":"","publisher":{"@id":"https:\/\/gabyontheroad.ch\/#organization"},"potentialAction":[{"@type":"SearchAction","target":{"@type":"EntryPoint","urlTemplate":"https:\/\/gabyontheroad.ch\/?s={search_term_string}"},"query-input":{"@type":"PropertyValueSpecification","valueRequired":true,"valueName":"search_term_string"}}],"inLanguage":"de"},{"@type":"Organization","@id":"https:\/\/gabyontheroad.ch\/#organization","name":"Gaby on the Road","url":"https:\/\/gabyontheroad.ch\/","logo":{"@type":"ImageObject","inLanguage":"de","@id":"https:\/\/gabyontheroad.ch\/#\/schema\/logo\/image\/","url":"https:\/\/gabyontheroad.ch\/wp-content\/uploads\/2025\/10\/cropped-LOGO-Gabyontheroad.jpg","contentUrl":"https:\/\/gabyontheroad.ch\/wp-content\/uploads\/2025\/10\/cropped-LOGO-Gabyontheroad.jpg","width":959,"height":953,"caption":"Gaby on the Road"},"image":{"@id":"https:\/\/gabyontheroad.ch\/#\/schema\/logo\/image\/"}}]}},"jetpack_sharing_enabled":true,"_links":{"self":[{"href":"https:\/\/gabyontheroad.ch\/index.php\/wp-json\/wp\/v2\/pages\/36","targetHints":{"allow":["GET"]}}],"collection":[{"href":"https:\/\/gabyontheroad.ch\/index.php\/wp-json\/wp\/v2\/pages"}],"about":[{"href":"https:\/\/gabyontheroad.ch\/index.php\/wp-json\/wp\/v2\/types\/page"}],"author":[{"embeddable":true,"href":"https:\/\/gabyontheroad.ch\/index.php\/wp-json\/wp\/v2\/users\/1"}],"replies":[{"embeddable":true,"href":"https:\/\/gabyontheroad.ch\/index.php\/wp-json\/wp\/v2\/comments?post=36"}],"version-history":[{"count":4,"href":"https:\/\/gabyontheroad.ch\/index.php\/wp-json\/wp\/v2\/pages\/36\/revisions"}],"predecessor-version":[{"id":62,"href":"https:\/\/gabyontheroad.ch\/index.php\/wp-json\/wp\/v2\/pages\/36\/revisions\/62"}],"wp:featuredmedia":[{"embeddable":true,"href":"https:\/\/gabyontheroad.ch\/index.php\/wp-json\/wp\/v2\/media\/31"}],"wp:attachment":[{"href":"https:\/\/gabyontheroad.ch\/index.php\/wp-json\/wp\/v2\/media?parent=36"}],"curies":[{"name":"wp","href":"https:\/\/api.w.org\/{rel}","templated":true}]}}