{"id":190,"date":"2025-10-30T10:07:00","date_gmt":"2025-10-30T10:07:00","guid":{"rendered":"https:\/\/gabyontheroad.ch\/?page_id=190"},"modified":"2025-11-17T01:41:19","modified_gmt":"2025-11-17T01:41:19","slug":"das-fahrzeug","status":"publish","type":"page","link":"https:\/\/gabyontheroad.ch\/index.php\/das-fahrzeug\/","title":{"rendered":"Das Fahrzeug"},"content":{"rendered":"\n<p>Fiat Ducato 250 mit Knaus Ausbau, Jahrgang 2011, 3.0L Motor. Halbautomatisches Getriebe (Comfortmatic)<\/p>\n\n\n\n<p>Wir mussten kleinere Verbesserungen vornehmen. So habe wir verbesserte Stossd\u00e4mpfer vorne in Kombination mit Luftfederung hinten.<\/p>\n\n\n\n<p>Ebenfalls \u00e4nderten wir die Bereifung von 15 Zoll auf 16 Zoll.<\/p>\n\n\n\n<p>Beide Massnahmen ergaben mehr Bodenfreiheit.<\/p>\n\n\n\n<p>Im Innenraum baute ich ein anderes Bettgestell ein, um etwas mehr Aufbewahrungsraum zu erreichen. Mit auf Auszugschienen gehaltenen Kisten k\u00f6nnen wir komfortabel unsere Sachen erreichen.<\/p>\n\n\n\n<figure class=\"wp-block-gallery has-nested-images columns-default is-cropped wp-block-gallery-1 is-layout-flex wp-block-gallery-is-layout-flex\">\n<figure class=\"wp-block-image size-large\"><img loading=\"lazy\" decoding=\"async\" width=\"1024\" height=\"577\" data-id=\"782\" src=\"https:\/\/gabyontheroad.ch\/wp-content\/uploads\/2025\/11\/20241205_174627-1024x577.jpg\" alt=\"\" class=\"wp-image-782\" srcset=\"https:\/\/gabyontheroad.ch\/wp-content\/uploads\/2025\/11\/20241205_174627-1024x577.jpg 1024w, https:\/\/gabyontheroad.ch\/wp-content\/uploads\/2025\/11\/20241205_174627-300x169.jpg 300w, https:\/\/gabyontheroad.ch\/wp-content\/uploads\/2025\/11\/20241205_174627-768x432.jpg 768w, https:\/\/gabyontheroad.ch\/wp-content\/uploads\/2025\/11\/20241205_174627-1536x865.jpg 1536w, https:\/\/gabyontheroad.ch\/wp-content\/uploads\/2025\/11\/20241205_174627-2048x1153.jpg 2048w, https:\/\/gabyontheroad.ch\/wp-content\/uploads\/2025\/11\/20241205_174627-840x473.jpg 840w\" sizes=\"auto, (max-width: 1024px) 100vw, 1024px\" \/><\/figure>\n\n\n\n<figure class=\"wp-block-image size-large\"><img loading=\"lazy\" decoding=\"async\" width=\"1024\" height=\"577\" data-id=\"780\" src=\"https:\/\/gabyontheroad.ch\/wp-content\/uploads\/2025\/11\/20241210_173907-1024x577.jpg\" alt=\"\" class=\"wp-image-780\" srcset=\"https:\/\/gabyontheroad.ch\/wp-content\/uploads\/2025\/11\/20241210_173907-1024x577.jpg 1024w, https:\/\/gabyontheroad.ch\/wp-content\/uploads\/2025\/11\/20241210_173907-300x169.jpg 300w, https:\/\/gabyontheroad.ch\/wp-content\/uploads\/2025\/11\/20241210_173907-768x432.jpg 768w, https:\/\/gabyontheroad.ch\/wp-content\/uploads\/2025\/11\/20241210_173907-1536x865.jpg 1536w, https:\/\/gabyontheroad.ch\/wp-content\/uploads\/2025\/11\/20241210_173907-2048x1153.jpg 2048w, https:\/\/gabyontheroad.ch\/wp-content\/uploads\/2025\/11\/20241210_173907-840x473.jpg 840w\" sizes=\"auto, (max-width: 1024px) 100vw, 1024px\" \/><\/figure>\n\n\n\n<figure class=\"wp-block-image size-large\"><img loading=\"lazy\" decoding=\"async\" width=\"577\" height=\"1024\" data-id=\"779\" src=\"https:\/\/gabyontheroad.ch\/wp-content\/uploads\/2025\/11\/20241210_174018-577x1024.jpg\" alt=\"\" class=\"wp-image-779\" srcset=\"https:\/\/gabyontheroad.ch\/wp-content\/uploads\/2025\/11\/20241210_174018-577x1024.jpg 577w, https:\/\/gabyontheroad.ch\/wp-content\/uploads\/2025\/11\/20241210_174018-169x300.jpg 169w, https:\/\/gabyontheroad.ch\/wp-content\/uploads\/2025\/11\/20241210_174018-768x1364.jpg 768w, https:\/\/gabyontheroad.ch\/wp-content\/uploads\/2025\/11\/20241210_174018-865x1536.jpg 865w, https:\/\/gabyontheroad.ch\/wp-content\/uploads\/2025\/11\/20241210_174018-1153x2048.jpg 1153w, https:\/\/gabyontheroad.ch\/wp-content\/uploads\/2025\/11\/20241210_174018-scaled.jpg 1441w\" sizes=\"auto, (max-width: 577px) 100vw, 577px\" \/><\/figure>\n<\/figure>\n\n\n\n<p>Bei n\u00e4herer Kontrolle des Innenraums bemerkte ich, dass die Isolierung des Innenraums mangelhaft ausgef\u00fchrt wurde. Die 19mm Hatrschaumplatten l\u00f6sten sich von der Aussenw\u00e4nden. Also, alles neu!<\/p>\n\n\n\n<p>Wo m\u00f6glich, habe ich 19mm Armaflex verwendet. Zus\u00e4tzlich habe ich die alten Hartschaumplatten auf die Armaflex Isolation aufgeklebt.<\/p>\n\n\n\n<figure class=\"wp-block-gallery has-nested-images columns-default is-cropped wp-block-gallery-2 is-layout-flex wp-block-gallery-is-layout-flex\">\n<figure class=\"wp-block-image size-large\"><img loading=\"lazy\" decoding=\"async\" width=\"577\" height=\"1024\" data-id=\"778\" src=\"https:\/\/gabyontheroad.ch\/wp-content\/uploads\/2025\/11\/20250730_170351-577x1024.jpg\" alt=\"\" class=\"wp-image-778\" srcset=\"https:\/\/gabyontheroad.ch\/wp-content\/uploads\/2025\/11\/20250730_170351-577x1024.jpg 577w, https:\/\/gabyontheroad.ch\/wp-content\/uploads\/2025\/11\/20250730_170351-169x300.jpg 169w, https:\/\/gabyontheroad.ch\/wp-content\/uploads\/2025\/11\/20250730_170351-768x1364.jpg 768w, https:\/\/gabyontheroad.ch\/wp-content\/uploads\/2025\/11\/20250730_170351-865x1536.jpg 865w, https:\/\/gabyontheroad.ch\/wp-content\/uploads\/2025\/11\/20250730_170351-1153x2048.jpg 1153w, https:\/\/gabyontheroad.ch\/wp-content\/uploads\/2025\/11\/20250730_170351-scaled.jpg 1441w\" sizes=\"auto, (max-width: 577px) 100vw, 577px\" \/><\/figure>\n\n\n\n<figure class=\"wp-block-image size-large\"><img loading=\"lazy\" decoding=\"async\" width=\"577\" height=\"1024\" data-id=\"775\" src=\"https:\/\/gabyontheroad.ch\/wp-content\/uploads\/2025\/11\/20250805_101236-577x1024.jpg\" alt=\"\" class=\"wp-image-775\" srcset=\"https:\/\/gabyontheroad.ch\/wp-content\/uploads\/2025\/11\/20250805_101236-577x1024.jpg 577w, https:\/\/gabyontheroad.ch\/wp-content\/uploads\/2025\/11\/20250805_101236-169x300.jpg 169w, https:\/\/gabyontheroad.ch\/wp-content\/uploads\/2025\/11\/20250805_101236-768x1364.jpg 768w, https:\/\/gabyontheroad.ch\/wp-content\/uploads\/2025\/11\/20250805_101236-865x1536.jpg 865w, https:\/\/gabyontheroad.ch\/wp-content\/uploads\/2025\/11\/20250805_101236-1153x2048.jpg 1153w, https:\/\/gabyontheroad.ch\/wp-content\/uploads\/2025\/11\/20250805_101236-scaled.jpg 1441w\" sizes=\"auto, (max-width: 577px) 100vw, 577px\" \/><\/figure>\n\n\n\n<figure class=\"wp-block-image size-large\"><img loading=\"lazy\" decoding=\"async\" width=\"577\" height=\"1024\" data-id=\"777\" src=\"https:\/\/gabyontheroad.ch\/wp-content\/uploads\/2025\/11\/20250731_143835-577x1024.jpg\" alt=\"\" class=\"wp-image-777\" srcset=\"https:\/\/gabyontheroad.ch\/wp-content\/uploads\/2025\/11\/20250731_143835-577x1024.jpg 577w, https:\/\/gabyontheroad.ch\/wp-content\/uploads\/2025\/11\/20250731_143835-169x300.jpg 169w, https:\/\/gabyontheroad.ch\/wp-content\/uploads\/2025\/11\/20250731_143835-768x1364.jpg 768w, https:\/\/gabyontheroad.ch\/wp-content\/uploads\/2025\/11\/20250731_143835-865x1536.jpg 865w, https:\/\/gabyontheroad.ch\/wp-content\/uploads\/2025\/11\/20250731_143835-1153x2048.jpg 1153w, https:\/\/gabyontheroad.ch\/wp-content\/uploads\/2025\/11\/20250731_143835-scaled.jpg 1441w\" sizes=\"auto, (max-width: 577px) 100vw, 577px\" \/><\/figure>\n<\/figure>\n\n\n\n<p>Die Gasheizung hat sich als unpraktisch herausgestellt. W\u00e4hrend unserer Nordkap Reise mussten wir alle drei Tage einen 5kg Gaszylinder beschaffen. Um dieses Problem zu l\u00f6sen habe ich eine 2 KW Dieselheizung eingebaut. Die Heizung sitzt unter dem Beifahrersitz.<\/p>\n\n\n\n<p>Die Chemietoilette ist ja eine angenehme Angelegenheit auf mitteleurop\u00e4ischen Campingpl\u00e4tzen. In L\u00e4ndern wie Georgien, Armenien ist das Entsorgen des &#8222;Abfalls&#8220; eher problematisch. Also, umbauen auf getrennte Entsorgung. nun, die Angebote im Internet f\u00fcr Trockentoiletten sind sehr herausfordernd! Im Internet, nach etwas suchen, fand ich eine f\u00fcr uns praktische L\u00f6sung. F\u00fcr etwa 5 Euro und etwas handwerkliches Geschick baute ich eine funktionierende L\u00f6sung. In den Blumentopf kommt ein Plastiks\u00e4cklein, das in den Abfallcontainer entsorgt werden kann. Im Toilettenbeh\u00e4lter bleibt nur der Urin.<\/p>\n\n\n\n<figure class=\"wp-block-gallery has-nested-images columns-default is-cropped wp-block-gallery-3 is-layout-flex wp-block-gallery-is-layout-flex\">\n<figure class=\"wp-block-image size-full\"><img loading=\"lazy\" decoding=\"async\" width=\"436\" height=\"640\" data-id=\"788\" src=\"https:\/\/gabyontheroad.ch\/wp-content\/uploads\/2025\/11\/IMG-20250215-WA0001-1.jpeg\" alt=\"\" class=\"wp-image-788\" srcset=\"https:\/\/gabyontheroad.ch\/wp-content\/uploads\/2025\/11\/IMG-20250215-WA0001-1.jpeg 436w, https:\/\/gabyontheroad.ch\/wp-content\/uploads\/2025\/11\/IMG-20250215-WA0001-1-204x300.jpeg 204w\" sizes=\"auto, (max-width: 436px) 100vw, 436px\" \/><\/figure>\n<\/figure>\n","protected":false},"excerpt":{"rendered":"<p>Fiat Ducato 250 mit Knaus Ausbau, Jahrgang 2011, 3.0L Motor. Halbautomatisches Getriebe (Comfortmatic) Wir mussten kleinere Verbesserungen vornehmen. So habe wir verbesserte Stossd\u00e4mpfer vorne in &hellip; <\/p>\n","protected":false},"author":1,"featured_media":768,"parent":0,"menu_order":0,"comment_status":"closed","ping_status":"closed","template":"","meta":{"footnotes":""},"class_list":["post-190","page","type-page","status-publish","has-post-thumbnail","hentry"],"yoast_head":"<!-- This site is optimized with the Yoast SEO plugin v27.4 - https:\/\/yoast.com\/product\/yoast-seo-wordpress\/ -->\n<title>Das Fahrzeug - Gaby on the Road<\/title>\n<meta name=\"robots\" content=\"index, follow, max-snippet:-1, max-image-preview:large, max-video-preview:-1\" \/>\n<link rel=\"canonical\" href=\"https:\/\/gabyontheroad.ch\/index.php\/das-fahrzeug\/\" \/>\n<meta property=\"og:locale\" content=\"de_DE\" \/>\n<meta property=\"og:type\" content=\"article\" \/>\n<meta property=\"og:title\" content=\"Das Fahrzeug - Gaby on the Road\" \/>\n<meta property=\"og:description\" content=\"Fiat Ducato 250 mit Knaus Ausbau, Jahrgang 2011, 3.0L Motor. Halbautomatisches Getriebe (Comfortmatic) Wir mussten kleinere Verbesserungen vornehmen. So habe wir verbesserte Stossd\u00e4mpfer vorne in &hellip;\" \/>\n<meta property=\"og:url\" content=\"https:\/\/gabyontheroad.ch\/index.php\/das-fahrzeug\/\" \/>\n<meta property=\"og:site_name\" content=\"Gaby on the Road\" \/>\n<meta property=\"article:modified_time\" content=\"2025-11-17T01:41:19+00:00\" \/>\n<meta property=\"og:image\" content=\"https:\/\/gabyontheroad.ch\/wp-content\/uploads\/2025\/11\/20250920_102831-scaled.jpg\" \/>\n\t<meta property=\"og:image:width\" content=\"2560\" \/>\n\t<meta property=\"og:image:height\" content=\"1441\" \/>\n\t<meta property=\"og:image:type\" content=\"image\/jpeg\" \/>\n<meta name=\"twitter:card\" content=\"summary_large_image\" \/>\n<meta name=\"twitter:label1\" content=\"Gesch\u00e4tzte Lesezeit\" \/>\n\t<meta name=\"twitter:data1\" content=\"3\u00a0Minuten\" \/>\n<script type=\"application\/ld+json\" class=\"yoast-schema-graph\">{\"@context\":\"https:\\\/\\\/schema.org\",\"@graph\":[{\"@type\":\"WebPage\",\"@id\":\"https:\\\/\\\/gabyontheroad.ch\\\/index.php\\\/das-fahrzeug\\\/\",\"url\":\"https:\\\/\\\/gabyontheroad.ch\\\/index.php\\\/das-fahrzeug\\\/\",\"name\":\"Das Fahrzeug - Gaby on the Road\",\"isPartOf\":{\"@id\":\"https:\\\/\\\/gabyontheroad.ch\\\/#website\"},\"primaryImageOfPage\":{\"@id\":\"https:\\\/\\\/gabyontheroad.ch\\\/index.php\\\/das-fahrzeug\\\/#primaryimage\"},\"image\":{\"@id\":\"https:\\\/\\\/gabyontheroad.ch\\\/index.php\\\/das-fahrzeug\\\/#primaryimage\"},\"thumbnailUrl\":\"https:\\\/\\\/gabyontheroad.ch\\\/wp-content\\\/uploads\\\/2025\\\/11\\\/20250920_102831-scaled.jpg\",\"datePublished\":\"2025-10-30T10:07:00+00:00\",\"dateModified\":\"2025-11-17T01:41:19+00:00\",\"breadcrumb\":{\"@id\":\"https:\\\/\\\/gabyontheroad.ch\\\/index.php\\\/das-fahrzeug\\\/#breadcrumb\"},\"inLanguage\":\"de\",\"potentialAction\":[{\"@type\":\"ReadAction\",\"target\":[\"https:\\\/\\\/gabyontheroad.ch\\\/index.php\\\/das-fahrzeug\\\/\"]}]},{\"@type\":\"ImageObject\",\"inLanguage\":\"de\",\"@id\":\"https:\\\/\\\/gabyontheroad.ch\\\/index.php\\\/das-fahrzeug\\\/#primaryimage\",\"url\":\"https:\\\/\\\/gabyontheroad.ch\\\/wp-content\\\/uploads\\\/2025\\\/11\\\/20250920_102831-scaled.jpg\",\"contentUrl\":\"https:\\\/\\\/gabyontheroad.ch\\\/wp-content\\\/uploads\\\/2025\\\/11\\\/20250920_102831-scaled.jpg\",\"width\":2560,\"height\":1441},{\"@type\":\"BreadcrumbList\",\"@id\":\"https:\\\/\\\/gabyontheroad.ch\\\/index.php\\\/das-fahrzeug\\\/#breadcrumb\",\"itemListElement\":[{\"@type\":\"ListItem\",\"position\":1,\"name\":\"Startseite\",\"item\":\"https:\\\/\\\/gabyontheroad.ch\\\/\"},{\"@type\":\"ListItem\",\"position\":2,\"name\":\"Das Fahrzeug\"}]},{\"@type\":\"WebSite\",\"@id\":\"https:\\\/\\\/gabyontheroad.ch\\\/#website\",\"url\":\"https:\\\/\\\/gabyontheroad.ch\\\/\",\"name\":\"Gaby on the Road\",\"description\":\"\",\"publisher\":{\"@id\":\"https:\\\/\\\/gabyontheroad.ch\\\/#organization\"},\"potentialAction\":[{\"@type\":\"SearchAction\",\"target\":{\"@type\":\"EntryPoint\",\"urlTemplate\":\"https:\\\/\\\/gabyontheroad.ch\\\/?s={search_term_string}\"},\"query-input\":{\"@type\":\"PropertyValueSpecification\",\"valueRequired\":true,\"valueName\":\"search_term_string\"}}],\"inLanguage\":\"de\"},{\"@type\":\"Organization\",\"@id\":\"https:\\\/\\\/gabyontheroad.ch\\\/#organization\",\"name\":\"Gaby on the Road\",\"url\":\"https:\\\/\\\/gabyontheroad.ch\\\/\",\"logo\":{\"@type\":\"ImageObject\",\"inLanguage\":\"de\",\"@id\":\"https:\\\/\\\/gabyontheroad.ch\\\/#\\\/schema\\\/logo\\\/image\\\/\",\"url\":\"https:\\\/\\\/gabyontheroad.ch\\\/wp-content\\\/uploads\\\/2025\\\/10\\\/cropped-LOGO-Gabyontheroad.jpg\",\"contentUrl\":\"https:\\\/\\\/gabyontheroad.ch\\\/wp-content\\\/uploads\\\/2025\\\/10\\\/cropped-LOGO-Gabyontheroad.jpg\",\"width\":959,\"height\":953,\"caption\":\"Gaby on the Road\"},\"image\":{\"@id\":\"https:\\\/\\\/gabyontheroad.ch\\\/#\\\/schema\\\/logo\\\/image\\\/\"}}]}<\/script>\n<!-- \/ Yoast SEO plugin. -->","yoast_head_json":{"title":"Das Fahrzeug - Gaby on the Road","robots":{"index":"index","follow":"follow","max-snippet":"max-snippet:-1","max-image-preview":"max-image-preview:large","max-video-preview":"max-video-preview:-1"},"canonical":"https:\/\/gabyontheroad.ch\/index.php\/das-fahrzeug\/","og_locale":"de_DE","og_type":"article","og_title":"Das Fahrzeug - Gaby on the Road","og_description":"Fiat Ducato 250 mit Knaus Ausbau, Jahrgang 2011, 3.0L Motor. Halbautomatisches Getriebe (Comfortmatic) Wir mussten kleinere Verbesserungen vornehmen. So habe wir verbesserte Stossd\u00e4mpfer vorne in &hellip;","og_url":"https:\/\/gabyontheroad.ch\/index.php\/das-fahrzeug\/","og_site_name":"Gaby on the Road","article_modified_time":"2025-11-17T01:41:19+00:00","og_image":[{"width":2560,"height":1441,"url":"https:\/\/gabyontheroad.ch\/wp-content\/uploads\/2025\/11\/20250920_102831-scaled.jpg","type":"image\/jpeg"}],"twitter_card":"summary_large_image","twitter_misc":{"Gesch\u00e4tzte Lesezeit":"3\u00a0Minuten"},"schema":{"@context":"https:\/\/schema.org","@graph":[{"@type":"WebPage","@id":"https:\/\/gabyontheroad.ch\/index.php\/das-fahrzeug\/","url":"https:\/\/gabyontheroad.ch\/index.php\/das-fahrzeug\/","name":"Das Fahrzeug - Gaby on the Road","isPartOf":{"@id":"https:\/\/gabyontheroad.ch\/#website"},"primaryImageOfPage":{"@id":"https:\/\/gabyontheroad.ch\/index.php\/das-fahrzeug\/#primaryimage"},"image":{"@id":"https:\/\/gabyontheroad.ch\/index.php\/das-fahrzeug\/#primaryimage"},"thumbnailUrl":"https:\/\/gabyontheroad.ch\/wp-content\/uploads\/2025\/11\/20250920_102831-scaled.jpg","datePublished":"2025-10-30T10:07:00+00:00","dateModified":"2025-11-17T01:41:19+00:00","breadcrumb":{"@id":"https:\/\/gabyontheroad.ch\/index.php\/das-fahrzeug\/#breadcrumb"},"inLanguage":"de","potentialAction":[{"@type":"ReadAction","target":["https:\/\/gabyontheroad.ch\/index.php\/das-fahrzeug\/"]}]},{"@type":"ImageObject","inLanguage":"de","@id":"https:\/\/gabyontheroad.ch\/index.php\/das-fahrzeug\/#primaryimage","url":"https:\/\/gabyontheroad.ch\/wp-content\/uploads\/2025\/11\/20250920_102831-scaled.jpg","contentUrl":"https:\/\/gabyontheroad.ch\/wp-content\/uploads\/2025\/11\/20250920_102831-scaled.jpg","width":2560,"height":1441},{"@type":"BreadcrumbList","@id":"https:\/\/gabyontheroad.ch\/index.php\/das-fahrzeug\/#breadcrumb","itemListElement":[{"@type":"ListItem","position":1,"name":"Startseite","item":"https:\/\/gabyontheroad.ch\/"},{"@type":"ListItem","position":2,"name":"Das Fahrzeug"}]},{"@type":"WebSite","@id":"https:\/\/gabyontheroad.ch\/#website","url":"https:\/\/gabyontheroad.ch\/","name":"Gaby on the Road","description":"","publisher":{"@id":"https:\/\/gabyontheroad.ch\/#organization"},"potentialAction":[{"@type":"SearchAction","target":{"@type":"EntryPoint","urlTemplate":"https:\/\/gabyontheroad.ch\/?s={search_term_string}"},"query-input":{"@type":"PropertyValueSpecification","valueRequired":true,"valueName":"search_term_string"}}],"inLanguage":"de"},{"@type":"Organization","@id":"https:\/\/gabyontheroad.ch\/#organization","name":"Gaby on the Road","url":"https:\/\/gabyontheroad.ch\/","logo":{"@type":"ImageObject","inLanguage":"de","@id":"https:\/\/gabyontheroad.ch\/#\/schema\/logo\/image\/","url":"https:\/\/gabyontheroad.ch\/wp-content\/uploads\/2025\/10\/cropped-LOGO-Gabyontheroad.jpg","contentUrl":"https:\/\/gabyontheroad.ch\/wp-content\/uploads\/2025\/10\/cropped-LOGO-Gabyontheroad.jpg","width":959,"height":953,"caption":"Gaby on the Road"},"image":{"@id":"https:\/\/gabyontheroad.ch\/#\/schema\/logo\/image\/"}}]}},"jetpack_sharing_enabled":true,"_links":{"self":[{"href":"https:\/\/gabyontheroad.ch\/index.php\/wp-json\/wp\/v2\/pages\/190","targetHints":{"allow":["GET"]}}],"collection":[{"href":"https:\/\/gabyontheroad.ch\/index.php\/wp-json\/wp\/v2\/pages"}],"about":[{"href":"https:\/\/gabyontheroad.ch\/index.php\/wp-json\/wp\/v2\/types\/page"}],"author":[{"embeddable":true,"href":"https:\/\/gabyontheroad.ch\/index.php\/wp-json\/wp\/v2\/users\/1"}],"replies":[{"embeddable":true,"href":"https:\/\/gabyontheroad.ch\/index.php\/wp-json\/wp\/v2\/comments?post=190"}],"version-history":[{"count":6,"href":"https:\/\/gabyontheroad.ch\/index.php\/wp-json\/wp\/v2\/pages\/190\/revisions"}],"predecessor-version":[{"id":807,"href":"https:\/\/gabyontheroad.ch\/index.php\/wp-json\/wp\/v2\/pages\/190\/revisions\/807"}],"wp:featuredmedia":[{"embeddable":true,"href":"https:\/\/gabyontheroad.ch\/index.php\/wp-json\/wp\/v2\/media\/768"}],"wp:attachment":[{"href":"https:\/\/gabyontheroad.ch\/index.php\/wp-json\/wp\/v2\/media?parent=190"}],"curies":[{"name":"wp","href":"https:\/\/api.w.org\/{rel}","templated":true}]}}